{"id":780,"date":"2019-04-02T11:32:31","date_gmt":"2019-04-02T09:32:31","guid":{"rendered":"https:\/\/outvanceprod.wpengine.com\/inbound-sales\/"},"modified":"2021-03-04T16:59:14","modified_gmt":"2021-03-04T15:59:14","slug":"ventes-entrantes","status":"publish","type":"page","link":"https:\/\/outvance.com\/fr\/ventes-entrantes\/","title":{"rendered":"Ventes entrantes"},"content":{"rendered":"<p><div class=\"fusion-fullwidth fullwidth-box fusion-builder-row-1 nonhundred-percent-fullwidth non-hundred-percent-height-scrolling\" style=\"--awb-border-radius-top-left:0px;--awb-border-radius-top-right:0px;--awb-border-radius-bottom-right:0px;--awb-border-radius-bottom-left:0px;--awb-flex-wrap:wrap;\" ><div class=\"fusion-builder-row fusion-row\"><div class=\"fusion-layout-column fusion_builder_column fusion-builder-column-0 fusion_builder_column_3_5 3_5 fusion-three-fifth fusion-column-first\" style=\"--awb-bg-size:cover;width:60%;width:calc(60% - ( ( 4% ) * 0.6 ) );margin-right: 4%;\"><div class=\"fusion-column-wrapper fusion-flex-column-wrapper-legacy\"><div class=\"fusion-text fusion-text-1\"><p>Les clients potentiels et les clients qui nous contactcent eux-m\u00eames sont les plus pr\u00e9cieux. L&rsquo;accessibilit\u00e9 \u00e9lev\u00e9e par les canaux entrants augmente les r\u00e9sultats de vos campagnes.<\/p>\n<p>Votre campagne est un succ\u00e8s! Les clients peuvent vous contacter par t\u00e9l\u00e9phone, Whatsapp, chat en direct, e-mail ou m\u00e9dias sociaux. Ils ont des questions ou demandent de l&rsquo;aide lorsqu&rsquo;ils saisissent des donn\u00e9es ou passent une commande.<\/p>\n<p>Nous nous occupons de vos campagnes par appels entrants \u00e0 partir des bureaux Outvance ou nous vous livrons une capacit\u00e9 suppl\u00e9mentaire dans le cadre d&rsquo;une construction overflow ou underflow. Nous prenons en charge le contact client via notre plateforme multicanal ou travaillons sur vos syst\u00e8mes. Nous avons de l&rsquo;exp\u00e9rience avec les deux constructions.<\/p>\n<\/div><div class=\"fusion-clearfix\"><\/div><\/div><\/div><div class=\"fusion-layout-column fusion_builder_column fusion-builder-column-1 fusion_builder_column_2_5 2_5 fusion-two-fifth fusion-column-last\" style=\"--awb-bg-size:cover;width:40%;width:calc(40% - ( ( 4% ) * 0.4 ) );\"><div class=\"fusion-column-wrapper fusion-flex-column-wrapper-legacy\"><div class=\"fusion-image-element fusion-no-small-visibility in-legacy-container\" style=\"--awb-caption-title-font-family:var(--h2_typography-font-family);--awb-caption-title-font-weight:var(--h2_typography-font-weight);--awb-caption-title-font-style:var(--h2_typography-font-style);--awb-caption-title-size:var(--h2_typography-font-size);--awb-caption-title-transform:var(--h2_typography-text-transform);--awb-caption-title-line-height:var(--h2_typography-line-height);--awb-caption-title-letter-spacing:var(--h2_typography-letter-spacing);\"><span class=\" fusion-imageframe imageframe-none imageframe-1 hover-type-none\"><img decoding=\"async\" width=\"500\" height=\"333\" title=\"Inbound sales\" src=\"https:\/\/outvance.com\/wp-content\/uploads\/2019\/03\/Inbound-sales.jpg\" alt class=\"img-responsive wp-image-528\" srcset=\"https:\/\/outvance.com\/wp-content\/uploads\/2019\/03\/Inbound-sales-200x133.jpg 200w, https:\/\/outvance.com\/wp-content\/uploads\/2019\/03\/Inbound-sales-400x266.jpg 400w, https:\/\/outvance.com\/wp-content\/uploads\/2019\/03\/Inbound-sales.jpg 500w\" sizes=\"(max-width: 800px) 100vw, 500px\" \/><\/span><\/div><div class=\"fusion-clearfix\"><\/div><\/div><\/div><\/div><\/div><div class=\"fusion-fullwidth fullwidth-box fusion-builder-row-2 nonhundred-percent-fullwidth non-hundred-percent-height-scrolling\" style=\"--awb-border-radius-top-left:0px;--awb-border-radius-top-right:0px;--awb-border-radius-bottom-right:0px;--awb-border-radius-bottom-left:0px;--awb-padding-top:60px;--awb-background-color:#29255b;--awb-flex-wrap:wrap;\" ><div class=\"fusion-builder-row fusion-row\"><div class=\"fusion-layout-column fusion_builder_column fusion-builder-column-2 fusion_builder_column_1_1 1_1 fusion-one-full fusion-column-first fusion-column-last\" style=\"--awb-bg-size:cover;\"><div class=\"fusion-column-wrapper fusion-flex-column-wrapper-legacy\"><div class=\"fusion-title title fusion-title-1 fusion-sep-none fusion-title-center fusion-title-text fusion-title-size-two\" style=\"--awb-text-color:#ffffff;\"><h2 class=\"fusion-title-heading title-heading-center fusion-responsive-typography-calculated\" style=\"margin:0;--fontSize:30;line-height:1.33;\">Avantages de l&rsquo;assistance \u00e0 la vente par appels entrants<\/h2><\/div><div class=\"fusion-clearfix\"><\/div><\/div><\/div><div class=\"fusion-layout-column fusion_builder_column fusion-builder-column-3 fusion_builder_column_1_2 1_2 fusion-one-half fusion-column-first\" style=\"--awb-bg-size:cover;width:50%;width:calc(50% - ( ( 4% ) * 0.5 ) );margin-right: 4%;\"><div class=\"fusion-column-wrapper fusion-flex-column-wrapper-legacy\"><div class=\"fusion-content-boxes content-boxes columns row fusion-columns-1 fusion-columns-total-3 fusion-content-boxes-1 content-boxes-timeline-vertical content-left content-boxes-timeline-layout content-boxes-icon-with-title fusion-delayed-animation\" style=\"--awb-title-color:#ffffff;--awb-margin-top:0px;--awb-margin-bottom:0px;--awb-hover-accent-color:#9fcaeb;--awb-circle-hover-accent-color:#9fcaeb;--awb-item-margin-bottom:40px;\" data-animation-delay=\"350\" data-animationOffset=\"top-into-view\"><div style=\"--awb-backgroundcolor:rgba(0,0,0,0);--awb-content-padding-left:84px;\" class=\"fusion-column content-box-column content-box-column content-box-column-1 col-lg-12 col-md-12 col-sm-12 fusion-content-box-hover content-box-column-last-in-row\"><div class=\"col content-box-wrapper content-wrapper link-area-link-icon content-icon-wrapper-yes icon-hover-animation-none fusion-animated\" data-animationType=\"fadeIn\" data-animationDuration=\"0.25\" data-animationOffset=\"top-into-view\"><div class=\"heading heading-with-icon icon-left\" style=\"margin-top:21px;\"><div class=\"icon\" style=\"margin-top:-21px;margin-bottom:-21px;-webkit-animation-duration: 350ms;animation-duration: 350ms;\"><span style=\"height:62px;width:62px;line-height:32px;border-color:rgba(255,255,255,0);border-width:1px;border-style:solid;background-color:#ffffff;margin-right:20px;box-sizing:content-box;border-radius:50%;\"><i style=\"border-color:#ffffff;border-width:1px;background-color:#29255b;box-sizing:content-box;height:60px;width:60px;line-height:60px;border-radius:50%;position:relative;top:auto;left:auto;margin:0;border-radius:50%;font-size:30px;\" aria-hidden=\"true\" class=\"fontawesome-icon fa-comments fas circle-yes\"><\/i><\/span><\/div><h3 class=\"content-box-heading fusion-responsive-typography-calculated\" style=\"--h3_typography-font-size:22px;--fontSize:22;line-height:1.27;\">Prise en charge multicanal<\/h3><\/div><div class=\"content-box-shortcode-timeline-vertical\" style=\"border-color:rgba(255,255,255,0);left:47px;top:32px;-webkit-transition-duration: 350ms;animation-duration: 350ms;\"><\/div><\/div><\/div><div style=\"--awb-backgroundcolor:rgba(0,0,0,0);--awb-content-padding-left:84px;\" class=\"fusion-column content-box-column content-box-column content-box-column-2 col-lg-12 col-md-12 col-sm-12 fusion-content-box-hover content-box-column-last-in-row\"><div class=\"col content-box-wrapper content-wrapper link-area-link-icon content-icon-wrapper-yes icon-hover-animation-none fusion-animated\" data-animationType=\"fadeIn\" data-animationDuration=\"0.25\" data-animationOffset=\"top-into-view\"><div class=\"heading heading-with-icon icon-left\" style=\"margin-top:21px;\"><div class=\"icon\" style=\"margin-top:-21px;margin-bottom:-21px;-webkit-animation-duration: 350ms;animation-duration: 350ms;\"><span style=\"height:62px;width:62px;line-height:32px;border-color:rgba(255,255,255,0);border-width:1px;border-style:solid;background-color:#ffffff;margin-right:20px;box-sizing:content-box;border-radius:50%;\"><i style=\"border-color:#ffffff;border-width:1px;background-color:#29255b;box-sizing:content-box;height:60px;width:60px;line-height:60px;border-radius:50%;position:relative;top:auto;left:auto;margin:0;border-radius:50%;font-size:30px;\" aria-hidden=\"true\" class=\"fontawesome-icon fa-filter fas circle-yes\"><\/i><\/span><\/div><h3 class=\"content-box-heading fusion-responsive-typography-calculated\" style=\"--h3_typography-font-size:22px;--fontSize:22;line-height:1.27;\">Plus de prospects et de ventes<\/h3><\/div><div class=\"content-box-shortcode-timeline-vertical\" style=\"border-color:rgba(255,255,255,0);left:47px;top:32px;-webkit-transition-duration: 350ms;animation-duration: 350ms;\"><\/div><\/div><\/div><div style=\"--awb-backgroundcolor:rgba(0,0,0,0);--awb-content-padding-left:84px;\" class=\"fusion-column content-box-column content-box-column content-box-column-3 col-lg-12 col-md-12 col-sm-12 fusion-content-box-hover content-box-column-last content-box-column-last-in-row\"><div class=\"col content-box-wrapper content-wrapper link-area-link-icon content-icon-wrapper-yes icon-hover-animation-none fusion-animated\" data-animationType=\"fadeIn\" data-animationDuration=\"0.25\" data-animationOffset=\"top-into-view\"><div class=\"heading heading-with-icon icon-left\" style=\"margin-top:21px;\"><div class=\"icon\" style=\"margin-top:-21px;margin-bottom:-21px;-webkit-animation-duration: 350ms;animation-duration: 350ms;\"><span style=\"height:62px;width:62px;line-height:32px;border-color:rgba(255,255,255,0);border-width:1px;border-style:solid;background-color:#ffffff;margin-right:20px;box-sizing:content-box;border-radius:50%;\"><i style=\"border-color:#ffffff;border-width:1px;background-color:#29255b;box-sizing:content-box;height:60px;width:60px;line-height:60px;border-radius:50%;position:relative;top:auto;left:auto;margin:0;border-radius:50%;font-size:30px;\" aria-hidden=\"true\" class=\"fontawesome-icon fa-toggle-on fas circle-yes\"><\/i><\/span><\/div><h3 class=\"content-box-heading fusion-responsive-typography-calculated\" style=\"--h3_typography-font-size:22px;--fontSize:22;line-height:1.27;\">Support commercial multilingue<\/h3><\/div><div class=\"content-box-shortcode-timeline-vertical\" style=\"border-color:rgba(255,255,255,0);left:47px;top:32px;-webkit-transition-duration: 350ms;animation-duration: 350ms;\"><\/div><\/div><\/div><div class=\"fusion-clearfix\"><\/div><\/div><div class=\"fusion-clearfix\"><\/div><\/div><\/div><div class=\"fusion-layout-column fusion_builder_column fusion-builder-column-4 fusion_builder_column_1_2 1_2 fusion-one-half fusion-column-last\" style=\"--awb-bg-size:cover;width:50%;width:calc(50% - ( ( 4% ) * 0.5 ) );\"><div class=\"fusion-column-wrapper fusion-flex-column-wrapper-legacy\"><div class=\"fusion-content-boxes content-boxes columns row fusion-columns-1 fusion-columns-total-3 fusion-content-boxes-2 content-boxes-timeline-vertical content-left content-boxes-timeline-layout content-boxes-icon-with-title fusion-delayed-animation\" style=\"--awb-title-color:#ffffff;--awb-margin-top:0px;--awb-margin-bottom:0px;--awb-hover-accent-color:#9fcaeb;--awb-circle-hover-accent-color:#9fcaeb;--awb-item-margin-bottom:40px;\" data-animation-delay=\"350\" data-animationOffset=\"top-into-view\"><div style=\"--awb-backgroundcolor:rgba(0,0,0,0);--awb-content-padding-left:84px;\" class=\"fusion-column content-box-column content-box-column content-box-column-1 col-lg-12 col-md-12 col-sm-12 fusion-content-box-hover content-box-column-last-in-row\"><div class=\"col content-box-wrapper content-wrapper link-area-link-icon content-icon-wrapper-yes icon-hover-animation-none fusion-animated\" data-animationType=\"fadeIn\" data-animationDuration=\"0.25\" data-animationOffset=\"top-into-view\"><div class=\"heading heading-with-icon icon-left\" style=\"margin-top:21px;\"><div class=\"icon\" style=\"margin-top:-21px;margin-bottom:-21px;-webkit-animation-duration: 350ms;animation-duration: 350ms;\"><span style=\"height:62px;width:62px;line-height:32px;border-color:rgba(255,255,255,0);border-width:1px;border-style:solid;background-color:#ffffff;margin-right:20px;box-sizing:content-box;border-radius:50%;\"><i style=\"border-color:#ffffff;border-width:1px;background-color:#29255b;box-sizing:content-box;height:60px;width:60px;line-height:60px;border-radius:50%;position:relative;top:auto;left:auto;margin:0;border-radius:50%;font-size:30px;\" aria-hidden=\"true\" class=\"fontawesome-icon fa-smile fas circle-yes\"><\/i><\/span><\/div><h3 class=\"content-box-heading fusion-responsive-typography-calculated\" style=\"--h3_typography-font-size:22px;--fontSize:22;line-height:1.27;\">Syst\u00e8mes professionnels<\/h3><\/div><div class=\"content-box-shortcode-timeline-vertical\" style=\"border-color:rgba(255,255,255,0);left:47px;top:32px;-webkit-transition-duration: 350ms;animation-duration: 350ms;\"><\/div><\/div><\/div><div style=\"--awb-backgroundcolor:rgba(0,0,0,0);--awb-content-padding-left:84px;\" class=\"fusion-column content-box-column content-box-column content-box-column-2 col-lg-12 col-md-12 col-sm-12 fusion-content-box-hover content-box-column-last-in-row\"><div class=\"col content-box-wrapper content-wrapper link-area-link-icon content-icon-wrapper-yes icon-hover-animation-none fusion-animated\" data-animationType=\"fadeIn\" data-animationDuration=\"0.25\" data-animationOffset=\"top-into-view\"><div class=\"heading heading-with-icon icon-left\" style=\"margin-top:21px;\"><div class=\"icon\" style=\"margin-top:-21px;margin-bottom:-21px;-webkit-animation-duration: 350ms;animation-duration: 350ms;\"><span style=\"height:62px;width:62px;line-height:32px;border-color:rgba(255,255,255,0);border-width:1px;border-style:solid;background-color:#ffffff;margin-right:20px;box-sizing:content-box;border-radius:50%;\"><i style=\"border-color:#ffffff;border-width:1px;background-color:#29255b;box-sizing:content-box;height:60px;width:60px;line-height:60px;border-radius:50%;position:relative;top:auto;left:auto;margin:0;border-radius:50%;font-size:30px;\" aria-hidden=\"true\" class=\"fontawesome-icon fa-lightbulb fas circle-yes\"><\/i><\/span><\/div><h3 class=\"content-box-heading fusion-responsive-typography-calculated\" style=\"--h3_typography-font-size:22px;--fontSize:22;line-height:1.27;\">Permanent ou bas\u00e9e sur des campagnes<\/h3><\/div><div class=\"content-box-shortcode-timeline-vertical\" style=\"border-color:rgba(255,255,255,0);left:47px;top:32px;-webkit-transition-duration: 350ms;animation-duration: 350ms;\"><\/div><\/div><\/div><div style=\"--awb-backgroundcolor:rgba(0,0,0,0);--awb-content-padding-left:84px;\" class=\"fusion-column content-box-column content-box-column content-box-column-3 col-lg-12 col-md-12 col-sm-12 fusion-content-box-hover content-box-column-last content-box-column-last-in-row\"><div class=\"col content-box-wrapper content-wrapper link-area-link-icon content-icon-wrapper-yes icon-hover-animation-none fusion-animated\" data-animationType=\"fadeIn\" data-animationDuration=\"0.25\" data-animationOffset=\"top-into-view\"><div class=\"heading heading-with-icon icon-left\" style=\"margin-top:21px;\"><div class=\"icon\" style=\"margin-top:-21px;margin-bottom:-21px;-webkit-animation-duration: 350ms;animation-duration: 350ms;\"><span style=\"height:62px;width:62px;line-height:32px;border-color:rgba(255,255,255,0);border-width:1px;border-style:solid;background-color:#ffffff;margin-right:20px;box-sizing:content-box;border-radius:50%;\"><i style=\"border-color:#ffffff;border-width:1px;background-color:#29255b;box-sizing:content-box;height:60px;width:60px;line-height:60px;border-radius:50%;position:relative;top:auto;left:auto;margin:0;border-radius:50%;font-size:30px;\" aria-hidden=\"true\" class=\"fontawesome-icon fa-toggle-on fas circle-yes\"><\/i><\/span><\/div><h3 class=\"content-box-heading fusion-responsive-typography-calculated\" style=\"--h3_typography-font-size:22px;--fontSize:22;line-height:1.27;\">Possibilit\u00e9 d'avoir sa propre \u00e9quipe de vente<\/h3><\/div><div class=\"content-box-shortcode-timeline-vertical\" style=\"border-color:rgba(255,255,255,0);left:47px;top:32px;-webkit-transition-duration: 350ms;animation-duration: 350ms;\"><\/div><\/div><\/div><div class=\"fusion-clearfix\"><\/div><\/div><div class=\"fusion-clearfix\"><\/div><\/div><\/div><\/div><\/div><div class=\"fusion-fullwidth fullwidth-box fusion-builder-row-3 nonhundred-percent-fullwidth non-hundred-percent-height-scrolling\" style=\"--awb-border-radius-top-left:0px;--awb-border-radius-top-right:0px;--awb-border-radius-bottom-right:0px;--awb-border-radius-bottom-left:0px;--awb-padding-top:60px;--awb-flex-wrap:wrap;\" ><div class=\"fusion-builder-row fusion-row\"><div class=\"fusion-layout-column fusion_builder_column fusion-builder-column-5 fusion_builder_column_1_2 1_2 fusion-one-half fusion-column-first\" style=\"--awb-bg-size:cover;width:50%;width:calc(50% - ( ( 4% ) * 0.5 ) );margin-right: 4%;\"><div class=\"fusion-column-wrapper fusion-flex-column-wrapper-legacy\"><div class=\"fusion-title title fusion-title-2 fusion-sep-none fusion-title-text fusion-title-size-two\" style=\"--awb-margin-bottom:40px;\"><h2 class=\"fusion-title-heading title-heading-left fusion-responsive-typography-calculated\" style=\"margin:0;--fontSize:30;line-height:1.33;\">Support de vente en ligne<\/h2><\/div><div class=\"fusion-text fusion-text-2\"><p>Les services en ligne offrent la possibilit\u00e9 de g\u00e9n\u00e9rer plus de revenus. Les clients utilisent les canaux en ligne pour s&rsquo;orienter et faire des achats. Le d\u00e9fi est d&rsquo;augmenter la conversion des visiteurs en acheteurs.<\/p>\n<p>Cela peut se faire par chat en direct, chatbots, e-mail, appelez-moi maintenant, pop-up et via les m\u00e9dias sociaux. En offrant le bon canal au bon moment dans le parcours de l&rsquo;acheteur, nous augmentons le r\u00e9sultat.<\/p>\n<\/div><div class=\"fusion-clearfix\"><\/div><\/div><\/div><div class=\"fusion-layout-column fusion_builder_column fusion-builder-column-6 fusion_builder_column_1_2 1_2 fusion-one-half fusion-column-last\" style=\"--awb-bg-size:cover;width:50%;width:calc(50% - ( ( 4% ) * 0.5 ) );\"><div class=\"fusion-column-wrapper fusion-flex-column-wrapper-legacy\"><div class=\"fusion-title title fusion-title-3 fusion-sep-none fusion-title-text fusion-title-size-two\" style=\"--awb-margin-bottom:40px;\"><h2 class=\"fusion-title-heading title-heading-left fusion-responsive-typography-calculated\" style=\"margin:0;--fontSize:30;line-height:1.33;\">Multichannel software<\/h2><\/div><div class=\"fusion-text fusion-text-3\"><p>Nous travaillons avec des syst\u00e8mes de centres de contact multicanaux professionnels. Les clients peuvent nous contacter via n\u2019importe quel canal. Les informations de contact client rendues disponibles \u00e0 partir d\u2019un \u00e9cran autant que possible.<\/p>\n<p>Les employ\u00e9s peuvent g\u00e9rer rapidement et efficacement les demandes des clients. Avec cela, nous r\u00e9duisons vos temps de traitement, r\u00e9duisons les co\u00fbts et augmentons la satisfaction de vos clients.<\/p>\n<\/div><div class=\"fusion-clearfix\"><\/div><\/div><\/div><\/div><\/div><div class=\"fusion-fullwidth fullwidth-box fusion-builder-row-4 nonhundred-percent-fullwidth non-hundred-percent-height-scrolling\" style=\"--awb-border-radius-top-left:0px;--awb-border-radius-top-right:0px;--awb-border-radius-bottom-right:0px;--awb-border-radius-bottom-left:0px;--awb-padding-top:60px;--awb-background-color:#f5f5f5;--awb-flex-wrap:wrap;\" ><div class=\"fusion-builder-row fusion-row\"><div class=\"fusion-layout-column fusion_builder_column fusion-builder-column-7 fusion_builder_column_1_1 1_1 fusion-one-full fusion-column-first fusion-column-last\" style=\"--awb-bg-size:cover;\"><div class=\"fusion-column-wrapper fusion-flex-column-wrapper-legacy\"><div class=\"fusion-title title fusion-title-4 fusion-sep-none fusion-title-center fusion-title-text fusion-title-size-two\"><h2 class=\"fusion-title-heading title-heading-center fusion-responsive-typography-calculated\" style=\"margin:0;--fontSize:30;line-height:1.33;\">Plus d&rsquo;informations ou une proposition?<\/h2><\/div><div class=\"fusion-clearfix\"><\/div><\/div><\/div><div class=\"fusion-layout-column fusion_builder_column fusion-builder-column-8 fusion_builder_column_1_2 1_2 fusion-one-half fusion-column-first\" style=\"--awb-bg-size:cover;width:50%;width:calc(50% - ( ( 4% ) * 0.5 ) );margin-right: 4%;\"><div class=\"fusion-column-wrapper fusion-flex-column-wrapper-legacy\"><div class=\"fusion-text fusion-text-4\"><p>Nous proposons des activit\u00e9s de vente multicanaux pour des entreprises dans de multiples secteurs. Aux heures de pointe, pendant des campagnes et permanent.<\/p>\n<p>Envoyez-nous vos coordonn\u00e9es et nous vous contacterons dans un d\u00e9lai d&rsquo;un jour ouvrable. Bien entendu, vous pouvez \u00e9galement nous appeler ou nous envoyer un e-mail.<\/p>\n<ul>\n<li>Toujours disponible<\/li>\n<li>Par de multiples canaux<\/li>\n<li>En plusieurs langues<\/li>\n<li>Des employ\u00e9s d\u00e9di\u00e9s et exp\u00e9riment\u00e9s<\/li>\n<li>Tarifs comp\u00e9titifs<\/li>\n<\/ul>\n<\/div><div class=\"fusion-clearfix\"><\/div><\/div><\/div><div class=\"fusion-layout-column fusion_builder_column fusion-builder-column-9 fusion_builder_column_1_2 1_2 fusion-one-half fusion-column-last\" style=\"--awb-bg-size:cover;width:50%;width:calc(50% - ( ( 4% ) * 0.5 ) );\"><div class=\"fusion-column-wrapper fusion-flex-column-wrapper-legacy\">\n<div class=\"wpcf7 no-js\" id=\"wpcf7-f891-o1\" lang=\"fr-FR\" dir=\"ltr\" data-wpcf7-id=\"891\">\n<div class=\"screen-reader-response\"><p role=\"status\" aria-live=\"polite\" aria-atomic=\"true\"><\/p> <ul><\/ul><\/div>\n<form action=\"\/fr\/wp-json\/wp\/v2\/pages\/780#wpcf7-f891-o1\" method=\"post\" class=\"wpcf7-form init\" aria-label=\"Formulaire de contact\" novalidate=\"novalidate\" data-status=\"init\">\n<fieldset class=\"hidden-fields-container\"><input type=\"hidden\" name=\"_wpcf7\" value=\"891\" \/><input type=\"hidden\" name=\"_wpcf7_version\" value=\"6.1.5\" \/><input type=\"hidden\" name=\"_wpcf7_locale\" value=\"fr_FR\" \/><input type=\"hidden\" name=\"_wpcf7_unit_tag\" value=\"wpcf7-f891-o1\" \/><input type=\"hidden\" name=\"_wpcf7_container_post\" value=\"0\" \/><input type=\"hidden\" name=\"_wpcf7_posted_data_hash\" value=\"\" \/>\n<\/fieldset>\n<p><span class=\"wpcf7-form-control-wrap\" data-name=\"Naam\"><input size=\"40\" maxlength=\"400\" class=\"wpcf7-form-control wpcf7-text\" aria-invalid=\"false\" placeholder=\"Nom\" value=\"\" type=\"text\" name=\"Naam\" \/><\/span>\n<\/p>\n<p><span class=\"wpcf7-form-control-wrap\" data-name=\"Organisatie\"><input size=\"40\" maxlength=\"400\" class=\"wpcf7-form-control wpcf7-text\" aria-invalid=\"false\" placeholder=\"Organisation\" value=\"\" type=\"text\" name=\"Organisatie\" \/><\/span>\n<\/p>\n<p><span class=\"wpcf7-form-control-wrap\" data-name=\"E-mail\"><input size=\"40\" maxlength=\"400\" class=\"wpcf7-form-control wpcf7-email wpcf7-text wpcf7-validates-as-email\" aria-invalid=\"false\" placeholder=\"Adresse email\" value=\"\" type=\"email\" name=\"E-mail\" \/><\/span>\n<\/p>\n<p><span class=\"wpcf7-form-control-wrap\" data-name=\"Telefoonnummer\"><input size=\"40\" maxlength=\"400\" class=\"wpcf7-form-control wpcf7-tel wpcf7-text wpcf7-validates-as-tel\" aria-invalid=\"false\" placeholder=\"Num\u00e9ro de t\u00e9l\u00e9phone\" value=\"\" type=\"tel\" name=\"Telefoonnummer\" \/><\/span>\n<\/p>\n<p><span class=\"wpcf7-form-control-wrap\" data-name=\"Bericht\"><textarea cols=\"40\" rows=\"10\" maxlength=\"2000\" class=\"wpcf7-form-control wpcf7-textarea\" aria-invalid=\"false\" placeholder=\"Message\" name=\"Bericht\"><\/textarea><\/span>\n<\/p>\n<p><span id=\"wpcf7-69e73bdbde32d-wrapper\" class=\"wpcf7-form-control-wrap websitehoning-wrap\" ><label for=\"wpcf7-69e73bdbde32d-field\" class=\"hp-message\">Veuillez laisser ce champ vide.<\/label><input id=\"wpcf7-69e73bdbde32d-field\"  class=\"wpcf7-form-control wpcf7-text\" type=\"text\" name=\"websitehoning\" value=\"\" size=\"40\" tabindex=\"-1\" autocomplete=\"new-password\" \/><\/span>\n<\/p>\n<p><input class=\"wpcf7-form-control wpcf7-submit has-spinner\" type=\"submit\" value=\"Envoyer\" \/>\n<\/p>\n<p class=\"databescherming\"><a href=\"https:\/\/outvance.com\/fr\/declaration-de-confidentialite\/\">\n\t\t<font color=\"#128C3A\">Lisez ici\n\t\t<\/font><\/a> comment nous prot\u00e9geons vos donn\u00e9es\n<\/p><p style=\"display: none !important;\" class=\"akismet-fields-container\" data-prefix=\"_wpcf7_ak_\"><label>&#916;<textarea name=\"_wpcf7_ak_hp_textarea\" cols=\"45\" rows=\"8\" maxlength=\"100\"><\/textarea><\/label><input type=\"hidden\" id=\"ak_js_1\" name=\"_wpcf7_ak_js\" value=\"6\"\/><script>document.getElementById( \"ak_js_1\" ).setAttribute( \"value\", ( new Date() ).getTime() );<\/script><\/p><div class=\"fusion-alert alert custom alert-custom fusion-alert-center wpcf7-response-output fusion-alert-capitalize awb-alert-native-link-color alert-dismissable awb-alert-close-boxed\" style=\"--awb-border-size:1px;--awb-border-top-left-radius:0px;--awb-border-top-right-radius:0px;--awb-border-bottom-left-radius:0px;--awb-border-bottom-right-radius:0px;\" role=\"alert\"><div class=\"fusion-alert-content-wrapper\"><span class=\"fusion-alert-content\"><\/span><\/div><button type=\"button\" class=\"close toggle-alert\" data-dismiss=\"alert\" aria-label=\"Close\">&times;<\/button><\/div>\n<\/form>\n<\/div>\n<div class=\"fusion-clearfix\"><\/div><\/div><\/div><\/div><\/div><\/p>\n","protected":false},"excerpt":{"rendered":"","protected":false},"author":2,"featured_media":0,"parent":0,"menu_order":0,"comment_status":"closed","ping_status":"closed","template":"100-width.php","meta":{"_seopress_robots_primary_cat":"","_seopress_titles_title":"Centre d'appels entrants et soutien aux ventes | Centres de contact Outvance","_seopress_titles_desc":"Centre d'appels entrants et soutien aux ventes. Acc\u00e8s t\u00e9l\u00e9phonique optimal pour les prospects et les clients. \u00c9galement pour le chat en direct. Demandez les possibilit\u00e9s.","_seopress_robots_index":"","footnotes":""},"class_list":["post-780","page","type-page","status-publish","hentry"],"_links":{"self":[{"href":"https:\/\/outvance.com\/fr\/wp-json\/wp\/v2\/pages\/780","targetHints":{"allow":["GET"]}}],"collection":[{"href":"https:\/\/outvance.com\/fr\/wp-json\/wp\/v2\/pages"}],"about":[{"href":"https:\/\/outvance.com\/fr\/wp-json\/wp\/v2\/types\/page"}],"author":[{"embeddable":true,"href":"https:\/\/outvance.com\/fr\/wp-json\/wp\/v2\/users\/2"}],"replies":[{"embeddable":true,"href":"https:\/\/outvance.com\/fr\/wp-json\/wp\/v2\/comments?post=780"}],"version-history":[{"count":0,"href":"https:\/\/outvance.com\/fr\/wp-json\/wp\/v2\/pages\/780\/revisions"}],"wp:attachment":[{"href":"https:\/\/outvance.com\/fr\/wp-json\/wp\/v2\/media?parent=780"}],"curies":[{"name":"wp","href":"https:\/\/api.w.org\/{rel}","templated":true}]}}