{"id":767,"date":"2019-04-02T11:26:49","date_gmt":"2019-04-02T09:26:49","guid":{"rendered":"https:\/\/outvanceprod.wpengine.com\/webcare\/"},"modified":"2021-03-04T17:01:42","modified_gmt":"2021-03-04T16:01:42","slug":"webcare","status":"publish","type":"page","link":"https:\/\/outvance.com\/fr\/webcare\/","title":{"rendered":"Webcare"},"content":{"rendered":"<p><div class=\"fusion-fullwidth fullwidth-box fusion-builder-row-1 nonhundred-percent-fullwidth non-hundred-percent-height-scrolling\" style=\"--awb-border-radius-top-left:0px;--awb-border-radius-top-right:0px;--awb-border-radius-bottom-right:0px;--awb-border-radius-bottom-left:0px;--awb-flex-wrap:wrap;\" ><div class=\"fusion-builder-row fusion-row\"><div class=\"fusion-layout-column fusion_builder_column fusion-builder-column-0 fusion_builder_column_3_5 3_5 fusion-three-fifth fusion-column-first\" style=\"--awb-bg-size:cover;width:60%;width:calc(60% - ( ( 4% ) * 0.6 ) );margin-right: 4%;\"><div class=\"fusion-column-wrapper fusion-flex-column-wrapper-legacy\"><div class=\"fusion-text fusion-text-1\"><p>Les clients partagent leurs exp\u00e9riences sur les m\u00e9dias sociaux, donnent des commentaires et posent des questions. Si les clients ne re\u00e7oivent pas de r\u00e9ponse par t\u00e9l\u00e9phone ou par courriel, ils affichent parfois leur plainte ou leur question en ligne.<\/p>\n<p>Avec le logiciel webcare, nous v\u00e9rifions toutes les questions et tous les messages pour vous et surveillons le sentiment qui entoure le nom de votre entreprise. Nous pouvons \u00e9galement poster activement des messages et informer les clients de mani\u00e8re proactive.<\/p>\n<p>Vous pouvez externaliser votre premi\u00e8re ligne de webcare pendant et apr\u00e8s les heures de bureau. Nous convenons \u00e0 l&rsquo;avance de la pr\u00e9sentation souhait\u00e9e et nous coordonnons les questions de deuxi\u00e8me ligne.<\/p>\n<\/div><div class=\"fusion-clearfix\"><\/div><\/div><\/div><div class=\"fusion-layout-column fusion_builder_column fusion-builder-column-1 fusion_builder_column_2_5 2_5 fusion-two-fifth fusion-column-last\" style=\"--awb-bg-size:cover;width:40%;width:calc(40% - ( ( 4% ) * 0.4 ) );\"><div class=\"fusion-column-wrapper fusion-flex-column-wrapper-legacy\"><div class=\"fusion-image-element fusion-no-small-visibility in-legacy-container\" style=\"--awb-caption-title-font-family:var(--h2_typography-font-family);--awb-caption-title-font-weight:var(--h2_typography-font-weight);--awb-caption-title-font-style:var(--h2_typography-font-style);--awb-caption-title-size:var(--h2_typography-font-size);--awb-caption-title-transform:var(--h2_typography-text-transform);--awb-caption-title-line-height:var(--h2_typography-line-height);--awb-caption-title-letter-spacing:var(--h2_typography-letter-spacing);\"><span class=\" fusion-imageframe imageframe-none imageframe-1 hover-type-none\"><img decoding=\"async\" width=\"500\" height=\"333\" title=\"Webcare uitbesteden\" src=\"https:\/\/outvance.com\/wp-content\/uploads\/2019\/03\/Webcare-uitbesteden.jpg\" alt class=\"img-responsive wp-image-540\" srcset=\"https:\/\/outvance.com\/wp-content\/uploads\/2019\/03\/Webcare-uitbesteden-200x133.jpg 200w, https:\/\/outvance.com\/wp-content\/uploads\/2019\/03\/Webcare-uitbesteden-400x266.jpg 400w, https:\/\/outvance.com\/wp-content\/uploads\/2019\/03\/Webcare-uitbesteden.jpg 500w\" sizes=\"(max-width: 800px) 100vw, 500px\" \/><\/span><\/div><div class=\"fusion-clearfix\"><\/div><\/div><\/div><\/div><\/div><div class=\"fusion-fullwidth fullwidth-box fusion-builder-row-2 nonhundred-percent-fullwidth non-hundred-percent-height-scrolling\" style=\"--awb-border-radius-top-left:0px;--awb-border-radius-top-right:0px;--awb-border-radius-bottom-right:0px;--awb-border-radius-bottom-left:0px;--awb-padding-top:60px;--awb-background-color:#29255b;--awb-flex-wrap:wrap;\" ><div class=\"fusion-builder-row fusion-row\"><div class=\"fusion-layout-column fusion_builder_column fusion-builder-column-2 fusion_builder_column_1_1 1_1 fusion-one-full fusion-column-first fusion-column-last\" style=\"--awb-bg-size:cover;\"><div class=\"fusion-column-wrapper fusion-flex-column-wrapper-legacy\"><div class=\"fusion-title title fusion-title-1 fusion-sep-none fusion-title-center fusion-title-text fusion-title-size-two\" style=\"--awb-text-color:#ffffff;\"><h2 class=\"fusion-title-heading title-heading-center fusion-responsive-typography-calculated\" style=\"margin:0;--fontSize:30;line-height:1.33;\">Avantages du webcare. Pour vous et vos clients.<\/h2><\/div><div class=\"fusion-clearfix\"><\/div><\/div><\/div><div class=\"fusion-layout-column fusion_builder_column fusion-builder-column-3 fusion_builder_column_1_2 1_2 fusion-one-half fusion-column-first\" style=\"--awb-bg-size:cover;width:50%;width:calc(50% - ( ( 4% ) * 0.5 ) );margin-right: 4%;\"><div class=\"fusion-column-wrapper fusion-flex-column-wrapper-legacy\"><div class=\"fusion-content-boxes content-boxes columns row fusion-columns-1 fusion-columns-total-3 fusion-content-boxes-1 content-boxes-timeline-vertical content-left content-boxes-timeline-layout content-boxes-icon-with-title fusion-delayed-animation\" style=\"--awb-title-color:#ffffff;--awb-margin-top:0px;--awb-margin-bottom:0px;--awb-hover-accent-color:#9fcaeb;--awb-circle-hover-accent-color:#9fcaeb;--awb-item-margin-bottom:40px;\" data-animation-delay=\"350\" data-animationOffset=\"top-into-view\"><div style=\"--awb-backgroundcolor:rgba(0,0,0,0);--awb-content-padding-left:84px;\" class=\"fusion-column content-box-column content-box-column content-box-column-1 col-lg-12 col-md-12 col-sm-12 fusion-content-box-hover content-box-column-last-in-row\"><div class=\"col content-box-wrapper content-wrapper link-area-link-icon content-icon-wrapper-yes icon-hover-animation-none fusion-animated\" data-animationType=\"fadeIn\" data-animationDuration=\"0.25\" data-animationOffset=\"top-into-view\"><div class=\"heading heading-with-icon icon-left\" style=\"margin-top:21px;\"><div class=\"icon\" style=\"margin-top:-21px;margin-bottom:-21px;-webkit-animation-duration: 350ms;animation-duration: 350ms;\"><span style=\"height:62px;width:62px;line-height:32px;border-color:rgba(255,255,255,0);border-width:1px;border-style:solid;background-color:#ffffff;margin-right:20px;box-sizing:content-box;border-radius:50%;\"><i style=\"border-color:#ffffff;border-width:1px;background-color:#29255b;box-sizing:content-box;height:60px;width:60px;line-height:60px;border-radius:50%;position:relative;top:auto;left:auto;margin:0;border-radius:50%;font-size:30px;\" aria-hidden=\"true\" class=\"fontawesome-icon fa-hands-helping fas circle-yes\"><\/i><\/span><\/div><h3 class=\"content-box-heading fusion-responsive-typography-calculated\" style=\"--h3_typography-font-size:22px;--fontSize:22;line-height:1.27;\">Aper\u00e7u de chaque expression et message<\/h3><\/div><div class=\"content-box-shortcode-timeline-vertical\" style=\"border-color:rgba(255,255,255,0);left:47px;top:32px;-webkit-transition-duration: 350ms;animation-duration: 350ms;\"><\/div><\/div><\/div><div style=\"--awb-backgroundcolor:rgba(0,0,0,0);--awb-content-padding-left:84px;\" class=\"fusion-column content-box-column content-box-column content-box-column-2 col-lg-12 col-md-12 col-sm-12 fusion-content-box-hover content-box-column-last-in-row\"><div class=\"col content-box-wrapper content-wrapper link-area-link-icon content-icon-wrapper-yes icon-hover-animation-none fusion-animated\" data-animationType=\"fadeIn\" data-animationDuration=\"0.25\" data-animationOffset=\"top-into-view\"><div class=\"heading heading-with-icon icon-left\" style=\"margin-top:21px;\"><div class=\"icon\" style=\"margin-top:-21px;margin-bottom:-21px;-webkit-animation-duration: 350ms;animation-duration: 350ms;\"><span style=\"height:62px;width:62px;line-height:32px;border-color:rgba(255,255,255,0);border-width:1px;border-style:solid;background-color:#ffffff;margin-right:20px;box-sizing:content-box;border-radius:50%;\"><i style=\"border-color:#ffffff;border-width:1px;background-color:#29255b;box-sizing:content-box;height:60px;width:60px;line-height:60px;border-radius:50%;position:relative;top:auto;left:auto;margin:0;border-radius:50%;font-size:30px;\" aria-hidden=\"true\" class=\"fontawesome-icon fa-globe fas circle-yes\"><\/i><\/span><\/div><h3 class=\"content-box-heading fusion-responsive-typography-calculated\" style=\"--h3_typography-font-size:22px;--fontSize:22;line-height:1.27;\">Am\u00e9liorer la r\u00e9putation en ligne<\/h3><\/div><div class=\"content-box-shortcode-timeline-vertical\" style=\"border-color:rgba(255,255,255,0);left:47px;top:32px;-webkit-transition-duration: 350ms;animation-duration: 350ms;\"><\/div><\/div><\/div><div style=\"--awb-backgroundcolor:rgba(0,0,0,0);--awb-content-padding-left:84px;\" class=\"fusion-column content-box-column content-box-column content-box-column-3 col-lg-12 col-md-12 col-sm-12 fusion-content-box-hover content-box-column-last content-box-column-last-in-row\"><div class=\"col content-box-wrapper content-wrapper link-area-link-icon content-icon-wrapper-yes icon-hover-animation-none fusion-animated\" data-animationType=\"fadeIn\" data-animationDuration=\"0.25\" data-animationOffset=\"top-into-view\"><div class=\"heading heading-with-icon icon-left\" style=\"margin-top:21px;\"><div class=\"icon\" style=\"margin-top:-21px;margin-bottom:-21px;-webkit-animation-duration: 350ms;animation-duration: 350ms;\"><span style=\"height:62px;width:62px;line-height:32px;border-color:rgba(255,255,255,0);border-width:1px;border-style:solid;background-color:#ffffff;margin-right:20px;box-sizing:content-box;border-radius:50%;\"><i style=\"border-color:#ffffff;border-width:1px;background-color:#29255b;box-sizing:content-box;height:60px;width:60px;line-height:60px;border-radius:50%;position:relative;top:auto;left:auto;margin:0;border-radius:50%;font-size:30px;\" aria-hidden=\"true\" class=\"fontawesome-icon fa-toggle-on fas circle-yes\"><\/i><\/span><\/div><h3 class=\"content-box-heading fusion-responsive-typography-calculated\" style=\"--h3_typography-font-size:22px;--fontSize:22;line-height:1.27;\">Option de contact suppl\u00e9mentaire pour les clients<\/h3><\/div><div class=\"content-box-shortcode-timeline-vertical\" style=\"border-color:rgba(255,255,255,0);left:47px;top:32px;-webkit-transition-duration: 350ms;animation-duration: 350ms;\"><\/div><\/div><\/div><div class=\"fusion-clearfix\"><\/div><\/div><div class=\"fusion-clearfix\"><\/div><\/div><\/div><div class=\"fusion-layout-column fusion_builder_column fusion-builder-column-4 fusion_builder_column_1_2 1_2 fusion-one-half fusion-column-last\" style=\"--awb-bg-size:cover;width:50%;width:calc(50% - ( ( 4% ) * 0.5 ) );\"><div class=\"fusion-column-wrapper fusion-flex-column-wrapper-legacy\"><div class=\"fusion-content-boxes content-boxes columns row fusion-columns-1 fusion-columns-total-3 fusion-content-boxes-2 content-boxes-timeline-vertical content-left content-boxes-timeline-layout content-boxes-icon-with-title fusion-delayed-animation\" style=\"--awb-title-color:#ffffff;--awb-margin-top:0px;--awb-margin-bottom:0px;--awb-hover-accent-color:#9fcaeb;--awb-circle-hover-accent-color:#9fcaeb;--awb-item-margin-bottom:40px;\" data-animation-delay=\"350\" data-animationOffset=\"top-into-view\"><div style=\"--awb-backgroundcolor:rgba(0,0,0,0);--awb-content-padding-left:84px;\" class=\"fusion-column content-box-column content-box-column content-box-column-1 col-lg-12 col-md-12 col-sm-12 fusion-content-box-hover content-box-column-last-in-row\"><div class=\"col content-box-wrapper content-wrapper link-area-link-icon content-icon-wrapper-yes icon-hover-animation-none fusion-animated\" data-animationType=\"fadeIn\" data-animationDuration=\"0.25\" data-animationOffset=\"top-into-view\"><div class=\"heading heading-with-icon icon-left\" style=\"margin-top:21px;\"><div class=\"icon\" style=\"margin-top:-21px;margin-bottom:-21px;-webkit-animation-duration: 350ms;animation-duration: 350ms;\"><span style=\"height:62px;width:62px;line-height:32px;border-color:rgba(255,255,255,0);border-width:1px;border-style:solid;background-color:#ffffff;margin-right:20px;box-sizing:content-box;border-radius:50%;\"><i style=\"border-color:#ffffff;border-width:1px;background-color:#29255b;box-sizing:content-box;height:60px;width:60px;line-height:60px;border-radius:50%;position:relative;top:auto;left:auto;margin:0;border-radius:50%;font-size:30px;\" aria-hidden=\"true\" class=\"fontawesome-icon fa-cogs fas circle-yes\"><\/i><\/span><\/div><h3 class=\"content-box-heading fusion-responsive-typography-calculated\" style=\"--h3_typography-font-size:22px;--fontSize:22;line-height:1.27;\">Satisfaction accrue de la client\u00e8le<\/h3><\/div><div class=\"content-box-shortcode-timeline-vertical\" style=\"border-color:rgba(255,255,255,0);left:47px;top:32px;-webkit-transition-duration: 350ms;animation-duration: 350ms;\"><\/div><\/div><\/div><div style=\"--awb-backgroundcolor:rgba(0,0,0,0);--awb-content-padding-left:84px;\" class=\"fusion-column content-box-column content-box-column content-box-column-2 col-lg-12 col-md-12 col-sm-12 fusion-content-box-hover content-box-column-last-in-row\"><div class=\"col content-box-wrapper content-wrapper link-area-link-icon content-icon-wrapper-yes icon-hover-animation-none fusion-animated\" data-animationType=\"fadeIn\" data-animationDuration=\"0.25\" data-animationOffset=\"top-into-view\"><div class=\"heading heading-with-icon icon-left\" style=\"margin-top:21px;\"><div class=\"icon\" style=\"margin-top:-21px;margin-bottom:-21px;-webkit-animation-duration: 350ms;animation-duration: 350ms;\"><span style=\"height:62px;width:62px;line-height:32px;border-color:rgba(255,255,255,0);border-width:1px;border-style:solid;background-color:#ffffff;margin-right:20px;box-sizing:content-box;border-radius:50%;\"><i style=\"border-color:#ffffff;border-width:1px;background-color:#29255b;box-sizing:content-box;height:60px;width:60px;line-height:60px;border-radius:50%;position:relative;top:auto;left:auto;margin:0;border-radius:50%;font-size:30px;\" aria-hidden=\"true\" class=\"fontawesome-icon fa-piggy-bank fas circle-yes\"><\/i><\/span><\/div><h3 class=\"content-box-heading fusion-responsive-typography-calculated\" style=\"--h3_typography-font-size:22px;--fontSize:22;line-height:1.27;\">Plus d'opportunit\u00e9s commerciales<\/h3><\/div><div class=\"content-box-shortcode-timeline-vertical\" style=\"border-color:rgba(255,255,255,0);left:47px;top:32px;-webkit-transition-duration: 350ms;animation-duration: 350ms;\"><\/div><\/div><\/div><div style=\"--awb-backgroundcolor:rgba(0,0,0,0);--awb-content-padding-left:84px;\" class=\"fusion-column content-box-column content-box-column content-box-column-3 col-lg-12 col-md-12 col-sm-12 fusion-content-box-hover content-box-column-last content-box-column-last-in-row\"><div class=\"col content-box-wrapper content-wrapper link-area-link-icon content-icon-wrapper-yes icon-hover-animation-none fusion-animated\" data-animationType=\"fadeIn\" data-animationDuration=\"0.25\" data-animationOffset=\"top-into-view\"><div class=\"heading heading-with-icon icon-left\" style=\"margin-top:21px;\"><div class=\"icon\" style=\"margin-top:-21px;margin-bottom:-21px;-webkit-animation-duration: 350ms;animation-duration: 350ms;\"><span style=\"height:62px;width:62px;line-height:32px;border-color:rgba(255,255,255,0);border-width:1px;border-style:solid;background-color:#ffffff;margin-right:20px;box-sizing:content-box;border-radius:50%;\"><i style=\"border-color:#ffffff;border-width:1px;background-color:#29255b;box-sizing:content-box;height:60px;width:60px;line-height:60px;border-radius:50%;position:relative;top:auto;left:auto;margin:0;border-radius:50%;font-size:30px;\" aria-hidden=\"true\" class=\"fontawesome-icon fa-toggle-on fas circle-yes\"><\/i><\/span><\/div><h3 class=\"content-box-heading fusion-responsive-typography-calculated\" style=\"--h3_typography-font-size:22px;--fontSize:22;line-height:1.27;\">Aper\u00e7u des tendances<\/h3><\/div><div class=\"content-box-shortcode-timeline-vertical\" style=\"border-color:rgba(255,255,255,0);left:47px;top:32px;-webkit-transition-duration: 350ms;animation-duration: 350ms;\"><\/div><\/div><\/div><div class=\"fusion-clearfix\"><\/div><\/div><div class=\"fusion-clearfix\"><\/div><\/div><\/div><\/div><\/div><div class=\"fusion-fullwidth fullwidth-box fusion-builder-row-3 nonhundred-percent-fullwidth non-hundred-percent-height-scrolling\" style=\"--awb-border-radius-top-left:0px;--awb-border-radius-top-right:0px;--awb-border-radius-bottom-right:0px;--awb-border-radius-bottom-left:0px;--awb-padding-top:60px;--awb-flex-wrap:wrap;\" ><div class=\"fusion-builder-row fusion-row\"><div class=\"fusion-layout-column fusion_builder_column fusion-builder-column-5 fusion_builder_column_1_2 1_2 fusion-one-half fusion-column-first\" style=\"--awb-bg-size:cover;width:50%;width:calc(50% - ( ( 4% ) * 0.5 ) );margin-right: 4%;\"><div class=\"fusion-column-wrapper fusion-flex-column-wrapper-legacy\"><div class=\"fusion-title title fusion-title-2 fusion-sep-none fusion-title-text fusion-title-size-two\" style=\"--awb-margin-bottom:40px;\"><h2 class=\"fusion-title-heading title-heading-left fusion-responsive-typography-calculated\" style=\"margin:0;--fontSize:30;line-height:1.33;\">Pourquoi d\u00e9ployer le webcare<\/h2><\/div><div class=\"fusion-text fusion-text-2\"><p>Les m\u00e9dias sociaux ont une grande port\u00e9e. Les clients peuvent facilement partager leurs exp\u00e9riences, commentaires, questions et plaintes. Cela repr\u00e9sente \u00e0 la fois des menaces et des opportunit\u00e9s.<\/p>\n<p>Vous vous distinguez par un webcare et un service \u00e0 la client\u00e8le facilement accessible. En plus d&rsquo;un meilleur service et d&rsquo;une meilleure r\u00e9putation en ligne, webcare vous donne \u00e9galement l&rsquo;opportunit\u00e9 d&rsquo;augmenter vos ventes.<\/p>\n<\/div><div class=\"fusion-clearfix\"><\/div><\/div><\/div><div class=\"fusion-layout-column fusion_builder_column fusion-builder-column-6 fusion_builder_column_1_2 1_2 fusion-one-half fusion-column-last\" style=\"--awb-bg-size:cover;width:50%;width:calc(50% - ( ( 4% ) * 0.5 ) );\"><div class=\"fusion-column-wrapper fusion-flex-column-wrapper-legacy\"><div class=\"fusion-title title fusion-title-3 fusion-sep-none fusion-title-text fusion-title-size-two\" style=\"--awb-margin-bottom:40px;\"><h2 class=\"fusion-title-heading title-heading-left fusion-responsive-typography-calculated\" style=\"margin:0;--fontSize:30;line-height:1.33;\">Syst\u00e8mes Webcare<\/h2><\/div><div class=\"fusion-text fusion-text-3\"><p>Nous travaillons avec plusieurs syst\u00e8mes professionnels de webcare. Les clients peuvent nous contacter par de multiples canaux. Les coordonn\u00e9es du client sont mises \u00e0 disposition autant que possible \u00e0 partir d&rsquo;un seul \u00e9cran.<\/p>\n<p>Les agents peuvent traiter les demandes des clients rapidement et efficacement. Cela r\u00e9duit les d\u00e9lais de traitement, r\u00e9duit les co\u00fbts et augmente la satisfaction de la client\u00e8le.<\/p>\n<\/div><div class=\"fusion-clearfix\"><\/div><\/div><\/div><\/div><\/div><div class=\"fusion-fullwidth fullwidth-box fusion-builder-row-4 nonhundred-percent-fullwidth non-hundred-percent-height-scrolling\" style=\"--awb-border-radius-top-left:0px;--awb-border-radius-top-right:0px;--awb-border-radius-bottom-right:0px;--awb-border-radius-bottom-left:0px;--awb-padding-top:60px;--awb-margin-top:20px;--awb-background-color:#f5f5f5;--awb-flex-wrap:wrap;\" ><div class=\"fusion-builder-row fusion-row\"><div class=\"fusion-layout-column fusion_builder_column fusion-builder-column-7 fusion_builder_column_1_1 1_1 fusion-one-full fusion-column-first fusion-column-last\" style=\"--awb-bg-size:cover;\"><div class=\"fusion-column-wrapper fusion-flex-column-wrapper-legacy\"><div class=\"fusion-title title fusion-title-4 fusion-sep-none fusion-title-center fusion-title-text fusion-title-size-two\"><h2 class=\"fusion-title-heading title-heading-center fusion-responsive-typography-calculated\" style=\"margin:0;--fontSize:30;line-height:1.33;\">Plus d&rsquo;informations ou une proposition<\/h2><\/div><div class=\"fusion-clearfix\"><\/div><\/div><\/div><div class=\"fusion-layout-column fusion_builder_column fusion-builder-column-8 fusion_builder_column_1_2 1_2 fusion-one-half fusion-column-first\" style=\"--awb-bg-size:cover;width:50%;width:calc(50% - ( ( 4% ) * 0.5 ) );margin-right: 4%;\"><div class=\"fusion-column-wrapper fusion-flex-column-wrapper-legacy\"><div class=\"fusion-text fusion-text-4\"><p>Gr\u00e2ce \u00e0 votre service \u00e0 la client\u00e8le, vous pouvez vous distinguer. Nous offrons un service \u00e0 la client\u00e8le \u00e0 des entreprises de divers secteurs.<\/p>\n<p>Envoyez-nous vos coordonn\u00e9es et nous vous contacterons dans un d\u00e9lai d&rsquo;un jour ouvrable. Bien entendu, vous pouvez \u00e9galement nous appeler ou nous envoyer un e-mail.<\/p>\n<ul>\n<li>Service \u00e0 la client\u00e8le multicanal<\/li>\n<li>En plusieurs langues<\/li>\n<li>Multi-clients ou \u00e9quipe d\u00e9di\u00e9e<\/li>\n<li>Syst\u00e8mes professionnels<\/li>\n<li>Tarifs comp\u00e9titifs<\/li>\n<\/ul>\n<\/div><div class=\"fusion-clearfix\"><\/div><\/div><\/div><div class=\"fusion-layout-column fusion_builder_column fusion-builder-column-9 fusion_builder_column_1_2 1_2 fusion-one-half fusion-column-last\" style=\"--awb-bg-size:cover;width:50%;width:calc(50% - ( ( 4% ) * 0.5 ) );\"><div class=\"fusion-column-wrapper fusion-flex-column-wrapper-legacy\">\n<div class=\"wpcf7 no-js\" id=\"wpcf7-f888-o1\" lang=\"fr-FR\" dir=\"ltr\" data-wpcf7-id=\"888\">\n<div class=\"screen-reader-response\"><p role=\"status\" aria-live=\"polite\" aria-atomic=\"true\"><\/p> <ul><\/ul><\/div>\n<form action=\"\/fr\/wp-json\/wp\/v2\/pages\/767#wpcf7-f888-o1\" method=\"post\" class=\"wpcf7-form init\" aria-label=\"Formulaire de contact\" novalidate=\"novalidate\" data-status=\"init\">\n<fieldset class=\"hidden-fields-container\"><input type=\"hidden\" name=\"_wpcf7\" value=\"888\" \/><input type=\"hidden\" name=\"_wpcf7_version\" value=\"6.1.5\" \/><input type=\"hidden\" name=\"_wpcf7_locale\" value=\"fr_FR\" \/><input type=\"hidden\" name=\"_wpcf7_unit_tag\" value=\"wpcf7-f888-o1\" \/><input type=\"hidden\" name=\"_wpcf7_container_post\" value=\"0\" \/><input type=\"hidden\" name=\"_wpcf7_posted_data_hash\" value=\"\" \/>\n<\/fieldset>\n<p><span class=\"wpcf7-form-control-wrap\" data-name=\"Naam\"><input size=\"40\" maxlength=\"400\" class=\"wpcf7-form-control wpcf7-text\" aria-invalid=\"false\" placeholder=\"Nom\" value=\"\" type=\"text\" name=\"Naam\" \/><\/span>\n<\/p>\n<p><span class=\"wpcf7-form-control-wrap\" data-name=\"Organisatie\"><input size=\"40\" maxlength=\"400\" class=\"wpcf7-form-control wpcf7-text\" aria-invalid=\"false\" placeholder=\"Organisation\" value=\"\" type=\"text\" name=\"Organisatie\" \/><\/span>\n<\/p>\n<p><span class=\"wpcf7-form-control-wrap\" data-name=\"E-mail\"><input size=\"40\" maxlength=\"400\" class=\"wpcf7-form-control wpcf7-email wpcf7-text wpcf7-validates-as-email\" aria-invalid=\"false\" placeholder=\"Adresse email\" value=\"\" type=\"email\" name=\"E-mail\" \/><\/span>\n<\/p>\n<p><span class=\"wpcf7-form-control-wrap\" data-name=\"Telefoonnummer\"><input size=\"40\" maxlength=\"400\" class=\"wpcf7-form-control wpcf7-tel wpcf7-text wpcf7-validates-as-tel\" aria-invalid=\"false\" placeholder=\"Num\u00e9ro de t\u00e9l\u00e9phone\" value=\"\" type=\"tel\" name=\"Telefoonnummer\" \/><\/span>\n<\/p>\n<p><span class=\"wpcf7-form-control-wrap\" data-name=\"Bericht\"><textarea cols=\"40\" rows=\"10\" maxlength=\"2000\" class=\"wpcf7-form-control wpcf7-textarea\" aria-invalid=\"false\" placeholder=\"Message\" name=\"Bericht\"><\/textarea><\/span>\n<\/p>\n<p><span id=\"wpcf7-69e8903ad813e-wrapper\" class=\"wpcf7-form-control-wrap websitehoning-wrap\" ><label for=\"wpcf7-69e8903ad813e-field\" class=\"hp-message\">Veuillez laisser ce champ vide.<\/label><input id=\"wpcf7-69e8903ad813e-field\"  class=\"wpcf7-form-control wpcf7-text\" type=\"text\" name=\"websitehoning\" value=\"\" size=\"40\" tabindex=\"-1\" autocomplete=\"new-password\" \/><\/span>\n<\/p>\n<p><input class=\"wpcf7-form-control wpcf7-submit has-spinner\" type=\"submit\" value=\"Envoyer\" \/>\n<\/p>\n<p class=\"databescherming\"><a href=\"https:\/\/outvance.com\/fr\/declaration-de-confidentialite\/\">\n\t\t<font color=\"#128C3A\">Lisez ici\n\t\t<\/font><\/a> comment nous prot\u00e9geons vos donn\u00e9es\n<\/p><p style=\"display: none !important;\" class=\"akismet-fields-container\" data-prefix=\"_wpcf7_ak_\"><label>&#916;<textarea name=\"_wpcf7_ak_hp_textarea\" cols=\"45\" rows=\"8\" maxlength=\"100\"><\/textarea><\/label><input type=\"hidden\" id=\"ak_js_1\" name=\"_wpcf7_ak_js\" value=\"75\"\/><script>document.getElementById( \"ak_js_1\" ).setAttribute( \"value\", ( new Date() ).getTime() );<\/script><\/p><div class=\"fusion-alert alert custom alert-custom fusion-alert-center wpcf7-response-output fusion-alert-capitalize awb-alert-native-link-color alert-dismissable awb-alert-close-boxed\" style=\"--awb-border-size:1px;--awb-border-top-left-radius:0px;--awb-border-top-right-radius:0px;--awb-border-bottom-left-radius:0px;--awb-border-bottom-right-radius:0px;\" role=\"alert\"><div class=\"fusion-alert-content-wrapper\"><span class=\"fusion-alert-content\"><\/span><\/div><button type=\"button\" class=\"close toggle-alert\" data-dismiss=\"alert\" aria-label=\"Close\">&times;<\/button><\/div>\n<\/form>\n<\/div>\n<div class=\"fusion-clearfix\"><\/div><\/div><\/div><\/div><\/div><\/p>\n","protected":false},"excerpt":{"rendered":"","protected":false},"author":2,"featured_media":0,"parent":0,"menu_order":0,"comment_status":"closed","ping_status":"closed","template":"100-width.php","meta":{"_seopress_robots_primary_cat":"","_seopress_titles_title":"Webcare et monitoring online outsourcing | Outvance Centres de contact","_seopress_titles_desc":"Externaliser Webcare? Nous surveillons toutes les communications sur les m\u00e9dias sociaux et r\u00e9pondons aux questions des clients \u00e0 l'aide de logiciels professionnels de surveillance des m\u00e9dias sociaux et de webcare.","_seopress_robots_index":"","footnotes":""},"class_list":["post-767","page","type-page","status-publish","hentry"],"_links":{"self":[{"href":"https:\/\/outvance.com\/fr\/wp-json\/wp\/v2\/pages\/767","targetHints":{"allow":["GET"]}}],"collection":[{"href":"https:\/\/outvance.com\/fr\/wp-json\/wp\/v2\/pages"}],"about":[{"href":"https:\/\/outvance.com\/fr\/wp-json\/wp\/v2\/types\/page"}],"author":[{"embeddable":true,"href":"https:\/\/outvance.com\/fr\/wp-json\/wp\/v2\/users\/2"}],"replies":[{"embeddable":true,"href":"https:\/\/outvance.com\/fr\/wp-json\/wp\/v2\/comments?post=767"}],"version-history":[{"count":0,"href":"https:\/\/outvance.com\/fr\/wp-json\/wp\/v2\/pages\/767\/revisions"}],"wp:attachment":[{"href":"https:\/\/outvance.com\/fr\/wp-json\/wp\/v2\/media?parent=767"}],"curies":[{"name":"wp","href":"https:\/\/api.w.org\/{rel}","templated":true}]}}